{"id":459,"date":"2022-12-10T13:21:30","date_gmt":"2022-12-10T12:21:30","guid":{"rendered":"https:\/\/promenademoda.com\/?page_id=459"},"modified":"2023-01-16T12:26:08","modified_gmt":"2023-01-16T11:26:08","slug":"privacy-policy-italiano","status":"publish","type":"page","link":"https:\/\/promenademoda.com\/index.php\/privacy-policy-italiano\/","title":{"rendered":"Privacy Policy Italiano"},"content":{"rendered":"\t\t<div data-elementor-type=\"wp-page\" data-elementor-id=\"459\" class=\"elementor elementor-459\">\n\t\t\t\t\t\t<section class=\"elementor-section elementor-top-section elementor-element elementor-element-1cd01895 elementor-section-boxed elementor-section-height-default elementor-section-height-default\" data-id=\"1cd01895\" data-element_type=\"section\" data-e-type=\"section\">\n\t\t\t\t\t\t<div class=\"elementor-container elementor-column-gap-default\">\n\t\t\t\t\t<div class=\"elementor-column elementor-col-100 elementor-top-column elementor-element elementor-element-32051137\" data-id=\"32051137\" data-element_type=\"column\" data-e-type=\"column\">\n\t\t\t<div class=\"elementor-widget-wrap elementor-element-populated\">\n\t\t\t\t\t\t<div class=\"elementor-element elementor-element-75f0a2e9 elementor-widget elementor-widget-text-editor\" data-id=\"75f0a2e9\" data-element_type=\"widget\" data-e-type=\"widget\" data-widget_type=\"text-editor.default\">\n\t\t\t\t<div class=\"elementor-widget-container\">\n\t\t\t\t\t\t\t\t\t<p><\/p>\n<p><strong><span style=\"text-decoration: underline;\"><em>POLITICA SULLA RISERVATEZZA<\/em><\/span><\/strong><\/p>\n<p>IPSODI SAS si impegna a proteggere la vostra privacy e a garantire che le vostre informazioni personali siano trattate in modo\u00a0sicuro e responsabile. La presente informativa illustra il modo in cui ci proponiamo di raggiungere questo obiettivo e include le\u00a0informazioni raccolte quando:<br \/>&#8211; utilizzate il nostro sito web https:\/\/promenademoda.com<br \/>&#8211; effettuate prenotazioni e accrediti tramite il nostro sito https:\/\/promenademoda.com<br \/>&#8211; chiedete domande o effettuate delle richieste sul nostro sito web<\/p>\n<p><strong><span style=\"text-decoration: underline;\"><em>DEFINIZIONE DI DATI PERSONALI<\/em><\/span><\/strong><\/p>\n<p>Per dati personali si intende qualsiasi dato relativo a una persona identificabile che pu\u00f2 essere individuata direttamente o\u00a0indirettamente da tali dati. In questo\u00a0caso, si tratta dei dati personali che ci fornite attraverso il nostro sito.<br \/>Fornendo i vostri dati personali, acconsentite al loro utilizzo in conformit\u00e0 con la presente informativa. Si prega di assicurarsi di aver\u00a0compreso la presente informativa nella sua interezza e di prendersi il tempo necessario per leggerla.<\/p>\n<p><strong><span style=\"text-decoration: underline;\"><em>CHI SIAMO<\/em><\/span><\/strong><\/p>\n<p>IPSODI SAS \u00e8 la societ\u00e0 che gestisce l&#8217;evento PROMENADE DELLA MODA e i suoi eventi connessi PRESS DAY e<br \/>STREET FASHION SHOW.<br \/>Dati Legali della Societ\u00e0:<br \/>IPSODI SAS DI LILIA TICEC &amp; C<br \/>LARGO TEL AVIV 5<br \/>20132 MILANO<br \/>PI: 12515160153<br \/>SDI: KRRH6B9<br \/>ipsodi@pec.it<br \/>NOI AGIAMO COME PROPRIETARI DEL TRATTAMENTO DEI VOSTRI DATI.<\/p>\n<p><strong><span style=\"text-decoration: underline;\"><em>RACCOLTA VOSTRE INFORMAZIONI<\/em><\/span><\/strong><\/p>\n<p>Raccogliamo le vostre informazioni quando:<br \/>&#8211; effettuate una prenotazione<br \/>&#8211; effettuate un accredito<\/p>\n<p><strong><span style=\"text-decoration: underline;\"><em>TIPO DI INFORMAZIONI RACCOLTE<\/em><\/span><\/strong><\/p>\n<p>Quando si effettua una prenotazione o un accredito, \u00e8 possibile che vi venga chiesto di fornire informazioni personali su di voi. Tali\u00a0informazioni verranno raccolte per\u00a0poter soddisfare la richiesta di prenotazione\/accredito e consentirvi accedere al nostro evento.<br \/>Quando effettuate una prenotazione, potremmo raccogliere informazioni tipo:<br \/>nome<br \/>cognome<br \/>numero di telefono<br \/>e-mail (utilizzata per le e-mail di conferma della prenotazione e di feedback)<br \/>indirizzo<br \/>nome del Brand<br \/>sito web\/pagine social<\/p>\n<p><strong><span style=\"text-decoration: underline;\"><em>QUANDO ACCEDETE AL NOSTRO SITO WEB: le informazioni possono includere:<\/em><\/span><\/strong><\/p>\n<p>tipo di dispositivo utilizzato (per esempio: mobile, computer, laptop, tablet)<br \/>cookies<br \/>sistema operativo<br \/>indirizzo IP<br \/>tipo di browser<br \/>informazioni del browser (per esempio: tipo, lingua e cronologia)<br \/>nomi dei domini<br \/>orario di accesso<br \/>impostazioni<br \/>indirizzi di siti web di riferimento<br \/>altri dati sul dispositivo dell&#8217;utente per fornire i servizi come altrimenti descritto nella presente informativa.<br \/>Informazioni sulla posizione:<br \/>Se utilizzate il nostro sito web, potremmo ricevere la vostra posizione generica (come la citt\u00e0 o il quartiere).<br \/>Posizioni lavorative:<br \/>Se siete interessati a lavorare con noi, potete inviare il vostro CV via e-mail o attraverso la pagina &#8220;Contatti&#8221;. Queste informazioni\u00a0possono includere:<br \/>dettagli personali<br \/>dettagli d&#8217;impiego<br \/>formazione<br \/>altri dettagli inerenti<br \/>Utilizzeremo queste informazioni per valutare la vostra candidatura. Potremmo anche conservarle nei nostri archivi per future\u00a0opportunit\u00e0 di lavoro. Se non\u00a0desiderate pi\u00f9 che i vostri dati siano conservati, contattateci all&#8217;indirizzo ipsodi@ipsodi.it<\/p>\n<p><strong><span style=\"text-decoration: underline;\"><em>UTILIZZO DELLE INFORMAZIONI<\/em><\/span><\/strong><\/p>\n<p>L&#8217;utilizzo dei vostri dati personali avr\u00e0 sempre una motivazione legittima: o perch\u00e9 \u00e8 necessario per completare una\u00a0prenotazione\/accredito, o perch\u00e9 avete acconsentito\u00a0all&#8217;utilizzo dei vostri dati personali (ad esempio, iscrivendovi alle e-mail) oppure perch\u00e9 \u00e8 nel nostro legittimo interesse. Abbiamo\u00a0bisogno delle informazioni descritte nella sezione precedente per comprendere le vostre esigenze e fornirvi un servizio migliore, in\u00a0particolare per I seguenti motivi:<br \/>Archiviazione interna<br \/>Inviarvi e-mail di servizio (conferma della prenotazione e feedback).<br \/>Migliorare prodotti e servizi.<br \/>Inviare comunicazioni a fini di marketing, nel caso in cui abbiate scelto di riceverle.<br \/>Possiamo utilizzare le informazioni per personalizzare il sito web in base ai vostri interessi.<\/p>\n<p><span style=\"text-decoration: underline;\"><em><strong>ACCESSO ALLE VOSTRE INFORMAZION<\/strong>I<\/em><\/span><\/p>\n<p>Non venderemo, distribuiremo o affitteremo le vostre informazioni personali a terzi. Tutte le informazioni personali che vi richiediamo\u00a0saranno salvaguardate in base all&#8217;informativa vigente.<br \/>Condivideremo le vostre informazioni con le aziende solo se necessario per fornire servizi per nostro conto. Ad esempio, fornitori\u00a0di servizi, fornitura di prenotazioni online, processori di pagamento di terze parti e altre terze parti per fornire i nostri Siti e\u00a0soddisfare le vostre richieste, e come altrimenti acconsentito da voi o come consentito dalla legge applicabile.<br \/><strong>Le terze parti (se presenti)<\/strong> i cui contenuti appaiono sul nostro sito possono utilizzare cookie di\u00a0terze parti, come specificato di seguito. Per ulteriori informazioni sul controllo dei cookie, consultare la sezione &#8220;Uso dei cookie&#8221;. Si\u00a0prega di notare che non controlliamo le attivit\u00e0 di tali terze parti, n\u00e9 i dati che esse raccolgono e utilizzano e si consiglia di\u00a0controllare le informative sulla privacy di tali terze parti.<br \/>L&#8217;utente pu\u00f2 scegliere di limitare la raccolta o l&#8217;utilizzo dei propri dati personali in qualsiasi momento. Per ulteriori informazioni,\u00a0consultare la sezione Scelte dell&#8217;utente della presente Informativa sulla privacy.<\/p>\n<p><strong><span style=\"text-decoration: underline;\"><em>CONSERVAZIONE DATI<\/em><\/span><\/strong><\/p>\n<p>Conserviamo i vostri dati personali solo per il tempo necessario a utilizzarli come descritto nella presente informativa sulla privacy, e\/o per il tempo in cui abbiamo il vostro permesso di conservarli.<\/p>\n<p><strong><span style=\"text-decoration: underline;\"><em>PROFILAZIONE<\/em><\/span><\/strong><\/p>\n<p>Possiamo analizzare i vostri dati personali per creare un profilo dei vostri interessi e delle vostre preferenze, in modo da potervi\u00a0contattare con informazioni pertinenti. Potremmo utilizzare ulteriori informazioni sull&#8217;utente, se disponibili da fonti esterne, per\u00a0aiutarci a svolgere efficacemente questo compito.<\/p>\n<p><strong><span style=\"text-decoration: underline;\"><em>LE VOSTRE SCELTE<\/em><\/span><\/strong><\/p>\n<p>Non vi contatteremo per scopi di marketing tramite e-mail, telefono o SMS, a meno che non abbiate dato il vostro consenso. Non\u00a0trasmetteremo i vostri dati a terzi per scopi di marketing, a meno che non ci abbiate espressamente consentito di farlo. Inoltre,\u00a0potete modificare le vostre preferenze di marketing in qualsiasi momento contattandoci via e-mail all&#8217;indirizzo ipsodi@ipsodi.it<\/p>\n<p><strong><span style=\"text-decoration: underline;\"><em>I VOSTRI DIRITTI SULLE INFORMAZIONI IN NOSTRO POSSESSO<\/em><\/span><\/strong><\/p>\n<p>L&#8217;utente ha determinati diritti in relazione alle informazioni personali in nostro possesso. I dettagli di questi diritti e le modalit\u00e0 per\u00a0esercitarli sono indicati di\u00a0seguito. Prima di poter dare seguito alla vostra richiesta, richiederemo una prova della vostra identit\u00e0.<br \/><strong>DIRITTO DI ACCESSO<\/strong><br \/>L&#8217;utente ha il diritto di chiedere in qualsiasi momento una copia delle informazioni personali che lo riguardano in nostro possesso.<br \/><strong>DIRITTO DI RETTIFICA<\/strong><br \/>Se i dati personali in nostro possesso non sono accurati, non sono aggiornati o sono incompleti, avete il diritto di farli rettificare,\u00a0aggiornare o completare.<br \/>Potete comunicarcelo contattandoci.<br \/><strong>DIRITTO DI CANCELLAZIONE<\/strong><br \/>In determinate circostanze, l&#8217;utente ha il diritto di richiedere la cancellazione delle informazioni personali in nostro possesso.<br \/><strong>DIRITTO DI OPPORSI O LIMITARE IL TRATTAMENTO<\/strong><br \/>In determinate circostanze, avete il diritto di opporvi al trattamento dei vostri dati personali da parte nostra contattandoci.<\/p>\n<p><strong><span style=\"text-decoration: underline;\"><em>CONSENSO<\/em><\/span><\/strong><\/p>\n<p>Avete il diritto di revocare il vostro consenso all&#8217;utilizzo dei vostri dati personali in qualsiasi momento e di richiederne la\u00a0cancellazione. Non conserviamo I vostri dati personali pi\u00f9 a lungo di quanto sia necessario alla luce del motivo per cui sono stati\u00a0raccolti. Pertanto, i dati saranno conservati per i seguenti\u00a0periodi (o la loro conservazione sar\u00e0 determinata in base alle seguenti basi):<br \/>Dati per fini di marketing \u2013 5 anni<br \/>Informazioni relative alle prenotazioni \u2013 3 anni<br \/>Informazioni per posizioni lavorative\u2013 2 anni<\/p>\n<p><strong><span style=\"text-decoration: underline;\"><em>SICUREZZA<\/em><\/span><\/strong><\/p>\n<p>La sicurezza dei dati \u00e8 molto importante per noi e per proteggere i vostri dati abbiamo adottato misure adeguate per salvaguardare\u00a0e proteggere i dati raccolti\u00a0attraverso il nostro Sito.<\/p>\n<p><strong><span style=\"text-decoration: underline;\"><em>USO DEI \u2018COOKIES\u2019<\/em><\/span><\/strong><\/p>\n<p>Come molti altri siti web, utilizziamo i cookie. Li utilizziamo per aiutarvi a personalizzare la vostra esperienza online. Un cookie \u00e8 un\u00a0file di testo che viene collocato sul vostro disco rigido da un server di pagine web e che consente al sito web di riconoscervi quando\u00a0lo visitate.<br \/>I cookie raccolgono solo dati sulle azioni e sui modelli di navigazione e non identificano l&#8217;utente come persona fisica.<br \/>Potremmo utilizzare i cookies per le seguenti ragioni:<br \/>&#8211; Autenticazione, personalizzazione e sicurezza: i cookie ci aiutano a verificare l&#8217;account e il dispositivo dell&#8217;utente e a determinare il\u00a0momento dell&#8217;accesso, in modo da facilitare l&#8217;accesso ai servizi e fornire le esperienze e le funzionalit\u00e0 appropriate. Utilizziamo i\u00a0cookie anche per prevenire l&#8217;uso fraudolento delle credenziali di accesso.<br \/>&#8211; Prestazioni e analisi: i cookie ci aiutano ad analizzare le modalit\u00e0 di accesso e di utilizzo dei servizi e ci consentono di monitorare le\u00a0prestazioni dei servizi. Ad esempio, utilizziamo i cookie per determinare se avete visualizzato una pagina o aperto un&#8217;e-mail. Questo\u00a0ci aiuta a fornirvi informazioni che trovate interessanti. Utilizziamo i cookie anche per fornire informazioni sui vostri utenti finali e\u00a0sulle prestazioni dei vostri siti, come le visualizzazioni delle pagine, i tassi di conversione, le informazioni sui dispositivi, gli indirizzi\u00a0IP dei visitatori e i siti di riferimento.<br \/>&#8211; Terze parti : i servizi di terze parti possono utilizzare i cookie per aiutarvi ad accedere ai loro servizi dai nostri servizi.<br \/>Possiamo anche utilizzare cookie di terze parti, come Google Analytics, per analizzare le prestazioni. L&#8217;utilizzo di qualsiasi cookie di\u00a0terze parti \u00e8 regolato dall&#8217;informativa sulla privacy della terza parte che ha inserito il cookie.<br \/>&#8211; Rinuncia ai cookie: \u00c8 possibile impostare il proprio browser in modo da non accettare i cookie, ma ci\u00f2 potrebbe limitare la\u00a0possibilit\u00e0 di utilizzare I servizi.<br \/>L&#8217;analisi del sito web si riferisce a una serie di strumenti utilizzati per raccogliere e analizzare informazioni anonime sull&#8217;utilizzo,\u00a0consentendoci di capire meglio come viene utilizzato il nostro sito. Questo, a sua volta, ci consente di migliorare il nostro sito e i\u00a0prodotti e\/o servizi offerti attraverso di esso. I servizi di analisi utilizzati dal Sito utilizzano i cookie per raccogliere le informazioni\u00a0richieste. L&#8217;utente non \u00e8 tenuto ad autorizzare l&#8217;uso di tali cookie, tuttavia il loro\u00a0utilizzo non comporta alcun rischio per la privacy dell&#8217;utente o per l&#8217;uso sicuro del Sito, ma ci consente di migliorare continuamente il\u00a0Sito, rendendolo un&#8217;esperienza migliore e pi\u00f9 utile per l&#8217;utente.<br \/>Oltre ai controlli da noi forniti, l&#8217;utente pu\u00f2 scegliere di abilitare o disabilitare i cookie nel proprio browser Internet. La maggior parte\u00a0dei browser Internet consente anche di scegliere se disabilitare tutti i cookie o solo quelli di terze parti. Per impostazione predefinita,\u00a0la maggior parte dei browser Internet accetta I cookie, ma \u00e8 possibile modificarla. Per ulteriori dettagli, consultare il menu di aiuto\u00a0del browser Internet o la documentazione fornita con il dispositivo.<br \/>L&#8217;utente pu\u00f2 scegliere di eliminare i cookie dal proprio computer o dispositivo in qualsiasi momento, ma potrebbe perdere tutte le\u00a0informazioni che gli consentono di accedere al nostro Sito in modo pi\u00f9 rapido ed efficiente, tra cui, a titolo esemplificativo e non\u00a0esaustivo, le impostazioni di login e di personalizzazione. Si raccomanda di mantenere aggiornati il browser internet e il sistema\u00a0operativo e di consultare la guida fornita dallo sviluppatore del browser internet e dal\u00a0produttore del computer o del dispositivo in caso di dubbi sulla regolazione delle impostazioni sulla privacy. Il nostro Sito potrebbe\u00a0contenere link ad altri siti web. Si prega di notare che non abbiamo alcun controllo sul modo in cui i vostri dati vengono raccolti,\u00a0memorizzati o utilizzati da altri siti web e vi consigliamo di controllare le informative sulla privacy di tali siti prima di fornire loro\u00a0qualsiasi dato.<br \/>Oltre a fornire all&#8217;utente un servizio pi\u00f9 personalizzato, potremmo, come consentito dalla legge applicabile, condividere le\u00a0informazioni dell&#8217;utente con i nostri partners affiliati per supportare le operazioni, ad esempio per eseguire analisi, adattare il\u00a0marketing all&#8217;utente, supportare un programma di fidelizzazione a cui l&#8217;utente ha scelto di partecipare e migliorare i servizi. Per\u00a0ulteriori informazioni, non esitate a contattarci a:ipsodi@ipsodi.it<\/p>\n<p><strong><span style=\"text-decoration: underline;\"><em>MODIFICHE AL PRESENTE AVVISO<\/em><\/span><\/strong><\/p>\n<p>Occasionalmente aggiorneremo la presente Informativa sulla privacy per riflettere i feedback dell&#8217;azienda e dei clienti. Vi invitiamo a\u00a0rivedere periodicamente questa informativa per essere informati su come stiamo proteggendo le vostre informazioni. L&#8217;ultimo\u00a0aggiornamento di questa informativa risale a dicembre 2022.<\/p>\n<p><strong><span style=\"text-decoration: underline;\"><em>INFORMAZIONI DI CONTATTO<\/em><\/span><\/strong><\/p>\n<p>Siamo lieti di ricevere i vostri commenti in merito alla presente Informativa sulla privacy. Se ritenete che non abbiamo rispettato la\u00a0presente Informativa sulla privacy, contattateci all&#8217;indirizzo ipsodi@ipsodi.it. Ci impegneremo a compiere ogni sforzo\u00a0commercialmente ragionevole per determinare a risolvere prontamente il problema.<\/p>\n<p><strong><span style=\"text-decoration: underline;\"><em>RECLAMO<\/em><\/span><\/strong><\/p>\n<p>Se desiderate presentare un reclamo sul modo in cui stiamo trattando i vostri dati, potete contattarci a ipsodi@ipsodi.it o all&#8217;autorit\u00e0\u00a0per la protezione dei dati nel vostro paese.<\/p>\n<p><\/p>\t\t\t\t\t\t\t\t<\/div>\n\t\t\t\t<\/div>\n\t\t\t\t\t<\/div>\n\t\t<\/div>\n\t\t\t\t\t<\/div>\n\t\t<\/section>\n\t\t\t\t<\/div>\n\t\t","protected":false},"excerpt":{"rendered":"<p>POLITICA SULLA RISERVATEZZA IPSODI SAS si impegna a proteggere la vostra privacy e a garantire che le vostre informazioni personali siano trattate in modo\u00a0sicuro e responsabile. La presente informativa illustra il modo in cui ci proponiamo di raggiungere questo obiettivo e include le\u00a0informazioni raccolte quando:&#8211; utilizzate il nostro sito web https:\/\/promenademoda.com&#8211; effettuate prenotazioni e accrediti<br \/><a class=\"moretag\" href=\"https:\/\/promenademoda.com\/index.php\/privacy-policy-italiano\/\">+ Read More<\/a><\/p>\n","protected":false},"author":1,"featured_media":0,"parent":0,"menu_order":0,"comment_status":"closed","ping_status":"closed","template":"templates\/page-nosidebar_template.php","meta":{"footnotes":""},"class_list":["post-459","page","type-page","status-publish","hentry"],"_links":{"self":[{"href":"https:\/\/promenademoda.com\/index.php\/wp-json\/wp\/v2\/pages\/459","targetHints":{"allow":["GET"]}}],"collection":[{"href":"https:\/\/promenademoda.com\/index.php\/wp-json\/wp\/v2\/pages"}],"about":[{"href":"https:\/\/promenademoda.com\/index.php\/wp-json\/wp\/v2\/types\/page"}],"author":[{"embeddable":true,"href":"https:\/\/promenademoda.com\/index.php\/wp-json\/wp\/v2\/users\/1"}],"replies":[{"embeddable":true,"href":"https:\/\/promenademoda.com\/index.php\/wp-json\/wp\/v2\/comments?post=459"}],"version-history":[{"count":21,"href":"https:\/\/promenademoda.com\/index.php\/wp-json\/wp\/v2\/pages\/459\/revisions"}],"predecessor-version":[{"id":1187,"href":"https:\/\/promenademoda.com\/index.php\/wp-json\/wp\/v2\/pages\/459\/revisions\/1187"}],"wp:attachment":[{"href":"https:\/\/promenademoda.com\/index.php\/wp-json\/wp\/v2\/media?parent=459"}],"curies":[{"name":"wp","href":"https:\/\/api.w.org\/{rel}","templated":true}]}}